{"id":472,"date":"2018-08-22T04:10:08","date_gmt":"2018-08-22T04:10:08","guid":{"rendered":"http:\/\/apressthemes.com\/acorp\/demo4\/?page_id=472"},"modified":"2024-08-22T20:22:22","modified_gmt":"2024-08-22T20:22:22","slug":"conocenos","status":"publish","type":"page","link":"https:\/\/atlanticexpresscr.com\/es\/conocenos\/","title":{"rendered":"Conocenos"},"content":{"rendered":"<p>[vc_row full_width=&#8221;stretch_row&#8221; content_placement=&#8221;middle&#8221; css=&#8221;.vc_custom_1534911495594{border-bottom-width: 1px !important;border-bottom-color: #f4f4f4 !important;border-bottom-style: solid !important;}&#8221;][vc_column width=&#8221;1\/2&#8243;][apress_heading sub_title=&#8221;Atlantic Express es una empresa de transporte internacional y operador log\u00edstico, que nace como una soluci\u00f3n segura y confiable para solventar las necesidades de log\u00edstica en el \u00e1mbito internacional.&#8221; content_alignment=&#8221;left&#8221; enable_delimiter=&#8221;&#8221; color_scheme=&#8221;design_your_own&#8221; main_heading_color=&#8221;#333333&#8243; title_google_fonts=&#8221;yes&#8221; style=&#8221;heading_style1&#8243; title_font_options=&#8221;tag:h2|font_size:46|line_height:55|letter_spacing:1&#8243; title_custom_fonts=&#8221;font_family:Roboto%3A100%2C100italic%2C300%2C300italic%2Cregular%2Citalic%2C500%2C500italic%2C700%2C700italic%2C900%2C900italic|font_style:300%20light%20regular%3A300%3Anormal&#8221; subtitle_font_options=&#8221;tag:div&#8221; heading_margin=&#8221;margin-bottom:30&#8243; subheading_margin=&#8221;margin-bottom:30&#8243;]<span style=\"font-weight: 400;\">Brindando Soluciones Simples a <\/span><b>Sus Necesidades<\/b>[\/apress_heading][apress_button button_text=&#8221;CONT\u00c1CTENOS&#8221; button_border_color_for_style4=&#8221;#d3d3d3&#8243; data_animation=&#8221;fadeInUp&#8221; data_delay=&#8221;300&#8243; button_text_color=&#8221;#747474&#8243; button_text_color_h=&#8221;#0050ef&#8221; button_shape=&#8221;style4&#8243; button_font_options=&#8221;letter_spacing:3&#8243; button_link=&#8221;url:https%3A%2F%2Fatlanticexpresscr.com%2Fes%2Fcontactenos%2F|title:Contactenos&#8221;]<div class=\"ult-spacer spacer-69e5e4de54279\" data-id=\"69e5e4de54279\" data-height=\"50\" data-height-mobile=\"50\" data-height-tab=\"50\" data-height-tab-portrait=\"\" data-height-mobile-landscape=\"\" style=\"clear:both;display:block;\"><\/div>[\/vc_column][vc_column width=&#8221;1\/2&#8243;][vc_single_image image=&#8221;753&#8243; img_size=&#8221;full&#8221; alignment=&#8221;center&#8221; css=&#8221;.vc_custom_1612554161623{margin-bottom: 0px !important;padding-bottom: 0px !important;}&#8221;][\/vc_column][\/vc_row][vc_row][vc_column][vc_row_inner][vc_column_inner width=&#8221;1\/3&#8243; css=&#8221;.vc_custom_1504708930924{padding-bottom: 50px !important;}&#8221;][apress_icon_box box_style=&#8221;box_style_rounded&#8221; box_hover_style=&#8221;box-fade&#8221; box_bg=&#8221;#ffffff&#8221; box_border=&#8221;#1f4921&#8243; box_hover_bg=&#8221;rgba(31,73,33,0.81)&#8221; box_hover_border=&#8221;rgba(31,73,33,0.81)&#8221; iconcolor=&#8221;#1f4921&#8243; icon_hover_color=&#8221;#ffffff&#8221; boxtitlepad=&#8221;padding-top:10|padding-bottom:5&#8243; icon_family=&#8221;linecons&#8221; icon_linecons=&#8221;vc_li vc_li-like&#8221; contentboxtitle=&#8221;MISI\u00d3N&#8221; contentboxarea=&#8221;<b>Atlantic Express<\/b> garantiza la m\u00e1xima rentabilidad para nuestros clientes, proporcionando servicios log\u00edsticos integrados, excediendo sus expectativas e identificando las mejores soluciones log\u00edsticas de forma activa y personalizada.&#8221;][\/vc_column_inner][vc_column_inner width=&#8221;1\/3&#8243; css=&#8221;.vc_custom_1504708944360{padding-bottom: 50px !important;}&#8221;][apress_icon_box box_style=&#8221;box_style_rounded&#8221; box_hover_style=&#8221;box-fade&#8221; box_bg=&#8221;#ffffff&#8221; box_border=&#8221;#1f4921&#8243; box_hover_bg=&#8221;rgba(31,73,33,0.8)&#8221; box_hover_border=&#8221;rgba(31,73,33,0.8)&#8221; iconcolor=&#8221;#1f4921&#8243; icon_hover_color=&#8221;#ffffff&#8221; boxtitlepad=&#8221;padding-top:10|padding-bottom:5&#8243; icon_family=&#8221;linecons&#8221; icon_linecons=&#8221;vc_li vc_li-world&#8221; contentboxtitle=&#8221;VISI\u00d3N&#8221; contentboxarea=&#8221;Ser una empresa de transporte internacional y operador log\u00edstico, posicionada como una organizaci\u00f3n l\u00edder con nivel de competencia mundial.&#8221;][\/vc_column_inner][vc_column_inner width=&#8221;1\/3&#8243; css=&#8221;.vc_custom_1504708951260{padding-bottom: 50px !important;}&#8221;][apress_icon_box box_style=&#8221;box_style_rounded&#8221; box_hover_style=&#8221;box-fade&#8221; box_bg=&#8221;#ffffff&#8221; box_border=&#8221;#1f4921&#8243; box_hover_bg=&#8221;rgba(31,73,33,0.8)&#8221; box_hover_border=&#8221;rgba(31,73,33,0.81)&#8221; iconcolor=&#8221;#1f4921&#8243; icon_hover_color=&#8221;#ffffff&#8221; boxtitlepad=&#8221;padding-top:10|padding-bottom:5&#8243; icon_family=&#8221;linecons&#8221; icon_linecons=&#8221;vc_li vc_li-paperplane&#8221; contentboxtitle=&#8221;COMPROMISO&#8221; contentboxarea=&#8221;Nos comprometemos a que sus embarques lleguen a su destino en los plazos acordados y en perfectas condiciones. Respetamos y cumplimos nuestros acuerdos.&#8221;][\/vc_column_inner][\/vc_row_inner][\/vc_column][\/vc_row][vc_row full_width=&#8221;stretch_row&#8221; content_placement=&#8221;top&#8221; css_animation=&#8221;fadeInUp&#8221; css=&#8221;.vc_custom_1612532678827{margin-top: 0px !important;padding-top: 30px !important;padding-bottom: 20px !important;background-color: #1f4921 !important;}&#8221;][vc_column width=&#8221;1\/4&#8243;]<div class=\"stats-block stats-right  \"><div class=\"stats-desc\" id=\"counter-responsv-wrap-1016\"><div id=\"counter_152778958769e5e4de5435b\" data-id=\"counter_152778958769e5e4de5435b\"  data-ultimate-target='#counter-responsv-wrap-1016 .stats-number'  data-responsive-json-new='{\"font-size\":\"desktop:50px;tablet:30px;tablet_portrait:30px;mobile_landscape:30px;mobile:30px;\",\"line-height\":\"desktop:40px;\"}'  class=\"stats-number ult-responsive\" style=\" color:#ffffff; color:#ffffff;\" data-speed=\"5\" data-counter-value=\"40\" data-separator=\",\" data-decimal=\".\">0<\/div><div id=\"counter_152778958769e5e4de5435b\"  data-ultimate-target='#counter-responsv-wrap-1016 .stats-text'  data-responsive-json-new='{\"font-size\":\"desktop:19px;tablet:13px;tablet_portrait:13px;mobile_landscape:13px;mobile:13px;\",\"line-height\":\"desktop:23px;\"}'  class=\"stats-text ult-responsive\" style=\"font-size:px; color:#ffffff; \">TRAYECTORIA<\/div><\/div><div class=\"aio-icon-right\"><div class=\"ult-just-icon-wrapper  \"><div class=\"align-icon\" style=\"text-align:center;\">\n<div class=\"aio-icon none \" data-animation=\"pulse\" data-animation-delay=\"03\" style=\"color:#ffffff;font-size:50px;display:inline-block;\">\n\t<i class=\"apress-heart love like favorite\"><\/i>\n<\/div><\/div><\/div><\/div><\/div>[\/vc_column][vc_column width=&#8221;1\/4&#8243;]<div class=\"stats-block stats-right  \"><div class=\"stats-desc\" id=\"counter-responsv-wrap-5664\"><div id=\"counter_138644542869e5e4de543c1\" data-id=\"counter_138644542869e5e4de543c1\"  data-ultimate-target='#counter-responsv-wrap-5664 .stats-number'  data-responsive-json-new='{\"font-size\":\"desktop:50px;tablet:30px;tablet_portrait:30px;mobile_landscape:30px;mobile:30px;\",\"line-height\":\"desktop:40px;\"}'  class=\"stats-number ult-responsive\" style=\" color:#ffffff; color:#ffffff;\" data-speed=\"5\" data-counter-value=\"208\" data-separator=\",\" data-decimal=\".\">0<\/div><div id=\"counter_138644542869e5e4de543c1\"  data-ultimate-target='#counter-responsv-wrap-5664 .stats-text'  data-responsive-json-new='{\"font-size\":\"desktop:19px;tablet:13px;tablet_portrait:13px;mobile_landscape:13px;mobile:13px;\",\"line-height\":\"desktop:23px;\"}'  class=\"stats-text ult-responsive\" style=\"font-size:px; color:#ffffff; \">CLIENTES<\/div><\/div><div class=\"aio-icon-right\"><div class=\"ult-just-icon-wrapper  \"><div class=\"align-icon\" style=\"text-align:center;\">\n<div class=\"aio-icon none \" data-animation=\"pulse\" data-animation-delay=\"03\" style=\"color:#ffffff;font-size:50px;display:inline-block;\">\n\t<i class=\"apress-download\"><\/i>\n<\/div><\/div><\/div><\/div><\/div>[\/vc_column][vc_column width=&#8221;1\/4&#8243;]<div class=\"stats-block stats-right  \"><div class=\"stats-desc\" id=\"counter-responsv-wrap-8043\"><div id=\"counter_126836274769e5e4de5441b\" data-id=\"counter_126836274769e5e4de5441b\"  data-ultimate-target='#counter-responsv-wrap-8043 .stats-number'  data-responsive-json-new='{\"font-size\":\"desktop:50px;tablet:30px;tablet_portrait:30px;mobile_landscape:30px;mobile:30px;\",\"line-height\":\"desktop:40px;\"}'  class=\"stats-number ult-responsive\" style=\" color:#ffffff; color:#ffffff;\" data-speed=\"5\" data-counter-value=\"15320\" data-separator=\",\" data-decimal=\".\">0<\/div><div id=\"counter_126836274769e5e4de5441b\"  data-ultimate-target='#counter-responsv-wrap-8043 .stats-text'  data-responsive-json-new='{\"font-size\":\"desktop:19px;tablet:13px;tablet_portrait:13px;mobile_landscape:13px;mobile:13px;\",\"line-height\":\"desktop:23px;\"}'  class=\"stats-text ult-responsive\" style=\"font-size:px; color:#ffffff; \">TONELADAS TRANSPORTADAS<\/div><\/div><div class=\"aio-icon-right\"><div class=\"ult-just-icon-wrapper  \"><div class=\"align-icon\" style=\"text-align:center;\">\n<div class=\"aio-icon none \" data-animation=\"pulse\" data-animation-delay=\"03\" style=\"color:#ffffff;font-size:50px;display:inline-block;\">\n\t<i class=\"new-target\"><\/i>\n<\/div><\/div><\/div><\/div><\/div>[\/vc_column][vc_column width=&#8221;1\/4&#8243;]<div class=\"stats-block stats-right  \"><div class=\"stats-desc\" id=\"counter-responsv-wrap-9030\"><div id=\"counter_408953640569e5e4de54471\" data-id=\"counter_408953640569e5e4de54471\"  data-ultimate-target='#counter-responsv-wrap-9030 .stats-number'  data-responsive-json-new='{\"font-size\":\"desktop:50px;tablet:30px;tablet_portrait:30px;mobile_landscape:30px;mobile:30px;\",\"line-height\":\"desktop:40px;\"}'  class=\"stats-number ult-responsive\" style=\" color:#fcfcfc; color:#ffffff;\" data-speed=\"5\" data-counter-value=\"167\" data-separator=\",\" data-decimal=\".\">0<\/div><div id=\"counter_408953640569e5e4de54471\"  data-ultimate-target='#counter-responsv-wrap-9030 .stats-text'  data-responsive-json-new='{\"font-size\":\"desktop:19px;tablet:13px;tablet_portrait:13px;mobile_landscape:13px;mobile:13px;\",\"line-height\":\"desktop:23px;\"}'  class=\"stats-text ult-responsive\" style=\"font-size:px; color:#fcfcfc; \">PAISES<\/div><\/div><div class=\"aio-icon-right\"><div class=\"ult-just-icon-wrapper  \"><div class=\"align-icon\" style=\"text-align:center;\">\n<div class=\"aio-icon none \" data-animation=\"pulse\" data-animation-delay=\"03\" style=\"color:#ffffff;font-size:50px;display:inline-block;\">\n\t<i class=\"new-adjustments\"><\/i>\n<\/div><\/div><\/div><\/div><\/div>[\/vc_column][\/vc_row][vc_row full_width=&#8221;stretch_row&#8221; disable_element=&#8221;yes&#8221;][vc_column][apress_heading sub_title=&#8221;Nuestros clientes responden por nuestro compromiso&#8221; enable_delimiter=&#8221;&#8221; color_scheme=&#8221;design_your_own&#8221; main_heading_color=&#8221;#333333&#8243; style=&#8221;heading_style1&#8243; title_font_options=&#8221;tag:h2|font_size:30|font_style_bold:1&#8243; subtitle_font_options=&#8221;tag:div&#8221; heading_margin=&#8221;margin-top:50|margin-bottom:20&#8243; subheading_margin=&#8221;margin-bottom:50&#8243;]Testimonios de nuestros clientes[\/apress_heading][vc_row_inner][vc_column_inner width=&#8221;1\/3&#8243;][apress_testimonial rating_option=&#8221;100%&#8221; authorimage=&#8221;408&#8243; testimonialfontcolor=&#8221;#686868&#8243; testimonialauthorcolor=&#8221;#4c4c4c&#8221; testimonialbordercolor=&#8221;#eaeaea&#8221; testimonialstyle=&#8221;testimonials_style1&#8243;]Estoy muy contento con el trabajo de la empresa. Todo estuvo en orden y la atenci\u00f3n fue excelente.[\/apress_testimonial][\/vc_column_inner][vc_column_inner width=&#8221;1\/3&#8243;][apress_testimonial rating_option=&#8221;100%&#8221; authorimage=&#8221;407&#8243; testimonialfontcolor=&#8221;#686868&#8243; testimonialauthorcolor=&#8221;#4c4c4c&#8221; testimonialbordercolor=&#8221;#eaeaea&#8221; testimonialstyle=&#8221;testimonials_style1&#8243;]Serios y responsables. Fue un placer trabajar con Atlantics Express. Todo fue correcto y en el tiempo estimado.[\/apress_testimonial][\/vc_column_inner][vc_column_inner width=&#8221;1\/3&#8243;][apress_testimonial rating_option=&#8221;100%&#8221; authorimage=&#8221;409&#8243; testimonialfontcolor=&#8221;#686868&#8243; testimonialauthorcolor=&#8221;#4c4c4c&#8221; testimonialbordercolor=&#8221;#eaeaea&#8221; testimonialstyle=&#8221;testimonials_style1&#8243;]Estamos deseando trabajar nuevamente  con Atlantics Express, para nuestro pr\u00f3ximo proyecto de transporte.[\/apress_testimonial][\/vc_column_inner][\/vc_row_inner][vc_empty_space height=&#8221;50px&#8221;][\/vc_column][\/vc_row][vc_row full_width=&#8221;stretch_row&#8221; disable_element=&#8221;yes&#8221; css=&#8221;.vc_custom_1612464211661{padding-top: 50px !important;padding-bottom: 50px !important;background-color: #f7f7f7 !important;}&#8221;][vc_column width=&#8221;1\/6&#8243;][vc_single_image image=&#8221;505&#8243; img_size=&#8221;full&#8221; alignment=&#8221;center&#8221;][\/vc_column][vc_column width=&#8221;1\/6&#8243;][vc_single_image image=&#8221;504&#8243; img_size=&#8221;full&#8221; alignment=&#8221;center&#8221;][\/vc_column][vc_column width=&#8221;1\/6&#8243;][vc_single_image image=&#8221;503&#8243; img_size=&#8221;full&#8221; alignment=&#8221;center&#8221;][\/vc_column][vc_column width=&#8221;1\/6&#8243;][vc_single_image image=&#8221;501&#8243; img_size=&#8221;full&#8221; alignment=&#8221;center&#8221;][\/vc_column][vc_column width=&#8221;1\/6&#8243;][vc_single_image image=&#8221;502&#8243; img_size=&#8221;full&#8221; alignment=&#8221;center&#8221;][\/vc_column][vc_column width=&#8221;1\/6&#8243;][vc_single_image image=&#8221;500&#8243; img_size=&#8221;full&#8221; alignment=&#8221;center&#8221;][\/vc_column][\/vc_row]<\/p>\n","protected":false},"excerpt":{"rendered":"<p>[vc_row full_width=&#8221;stretch_row&#8221; content_placement=&#8221;middle&#8221; css=&#8221;.vc_custom_1534911495594{border-bottom-width: 1px !important;border-bottom-color: #f4f4f4 !important;border-bottom-style: solid !important;}&#8221;][vc_column width=&#8221;1\/2&#8243;][apress_heading sub_title=&#8221;Atlantic Express es una empresa de transporte internacional y operador log\u00edstico, que nace como una soluci\u00f3n segura y confiable para solventar las necesidades de log\u00edstica en el \u00e1mbito internacional.&#8221;&hellip;<\/p>\n","protected":false},"author":1,"featured_media":0,"parent":0,"menu_order":0,"comment_status":"closed","ping_status":"closed","template":"","meta":{"footnotes":""},"class_list":["post-472","page","type-page","status-publish","hentry"],"yoast_head":"<!-- This site is optimized with the Yoast SEO plugin v23.9 - https:\/\/yoast.com\/wordpress\/plugins\/seo\/ -->\n<title>Conocenos - Atlantic Express<\/title>\n<meta name=\"robots\" content=\"index, follow, max-snippet:-1, max-image-preview:large, max-video-preview:-1\" \/>\n<link rel=\"canonical\" href=\"https:\/\/atlanticexpresscr.com\/es\/conocenos\/\" \/>\n<meta property=\"og:locale\" content=\"es_ES\" \/>\n<meta property=\"og:type\" content=\"article\" \/>\n<meta property=\"og:title\" content=\"Conocenos - Atlantic Express\" \/>\n<meta property=\"og:description\" content=\"[vc_row full_width=&#8221;stretch_row&#8221; content_placement=&#8221;middle&#8221; css=&#8221;.vc_custom_1534911495594{border-bottom-width: 1px !important;border-bottom-color: #f4f4f4 !important;border-bottom-style: solid !important;}&#8221;][vc_column width=&#8221;1\/2&#8243;][apress_heading sub_title=&#8221;Atlantic Express es una empresa de transporte internacional y operador log\u00edstico, que nace como una soluci\u00f3n segura y confiable para solventar las necesidades de log\u00edstica en el \u00e1mbito internacional.&#8221;&hellip;\" \/>\n<meta property=\"og:url\" content=\"https:\/\/atlanticexpresscr.com\/es\/conocenos\/\" \/>\n<meta property=\"og:site_name\" content=\"Atlantic Express\" \/>\n<meta property=\"article:modified_time\" content=\"2024-08-22T20:22:22+00:00\" \/>\n<meta name=\"twitter:card\" content=\"summary_large_image\" \/>\n<meta name=\"twitter:label1\" content=\"Est. reading time\" \/>\n\t<meta name=\"twitter:data1\" content=\"6 minutos\" \/>\n<script type=\"application\/ld+json\" class=\"yoast-schema-graph\">{\"@context\":\"https:\/\/schema.org\",\"@graph\":[{\"@type\":\"WebPage\",\"@id\":\"https:\/\/atlanticexpresscr.com\/es\/conocenos\/\",\"url\":\"https:\/\/atlanticexpresscr.com\/es\/conocenos\/\",\"name\":\"Conocenos - Atlantic Express\",\"isPartOf\":{\"@id\":\"https:\/\/atlanticexpresscr.com\/es\/#website\"},\"datePublished\":\"2018-08-22T04:10:08+00:00\",\"dateModified\":\"2024-08-22T20:22:22+00:00\",\"breadcrumb\":{\"@id\":\"https:\/\/atlanticexpresscr.com\/es\/conocenos\/#breadcrumb\"},\"inLanguage\":\"es-CR\",\"potentialAction\":[{\"@type\":\"ReadAction\",\"target\":[\"https:\/\/atlanticexpresscr.com\/es\/conocenos\/\"]}]},{\"@type\":\"BreadcrumbList\",\"@id\":\"https:\/\/atlanticexpresscr.com\/es\/conocenos\/#breadcrumb\",\"itemListElement\":[{\"@type\":\"ListItem\",\"position\":1,\"name\":\"Portada\",\"item\":\"https:\/\/atlanticexpresscr.com\/es\/\"},{\"@type\":\"ListItem\",\"position\":2,\"name\":\"Conocenos\"}]},{\"@type\":\"WebSite\",\"@id\":\"https:\/\/atlanticexpresscr.com\/es\/#website\",\"url\":\"https:\/\/atlanticexpresscr.com\/es\/\",\"name\":\"Atlantic Express\",\"description\":\"Transporte internacional y operador log\u00edstico\",\"publisher\":{\"@id\":\"https:\/\/atlanticexpresscr.com\/es\/#organization\"},\"potentialAction\":[{\"@type\":\"SearchAction\",\"target\":{\"@type\":\"EntryPoint\",\"urlTemplate\":\"https:\/\/atlanticexpresscr.com\/es\/?s={search_term_string}\"},\"query-input\":{\"@type\":\"PropertyValueSpecification\",\"valueRequired\":true,\"valueName\":\"search_term_string\"}}],\"inLanguage\":\"es-CR\"},{\"@type\":\"Organization\",\"@id\":\"https:\/\/atlanticexpresscr.com\/es\/#organization\",\"name\":\"Atlantic Express Costa Rica\",\"url\":\"https:\/\/atlanticexpresscr.com\/es\/\",\"logo\":{\"@type\":\"ImageObject\",\"inLanguage\":\"es-CR\",\"@id\":\"https:\/\/atlanticexpresscr.com\/es\/#\/schema\/logo\/image\/\",\"url\":\"https:\/\/atlanticexpresscr.com\/es\/wp-content\/uploads\/2021\/02\/logo-full-resolucion-prueba.png\",\"contentUrl\":\"https:\/\/atlanticexpresscr.com\/es\/wp-content\/uploads\/2021\/02\/logo-full-resolucion-prueba.png\",\"width\":2736,\"height\":617,\"caption\":\"Atlantic Express Costa Rica\"},\"image\":{\"@id\":\"https:\/\/atlanticexpresscr.com\/es\/#\/schema\/logo\/image\/\"}}]}<\/script>\n<!-- \/ Yoast SEO plugin. -->","yoast_head_json":{"title":"Conocenos - Atlantic Express","robots":{"index":"index","follow":"follow","max-snippet":"max-snippet:-1","max-image-preview":"max-image-preview:large","max-video-preview":"max-video-preview:-1"},"canonical":"https:\/\/atlanticexpresscr.com\/es\/conocenos\/","og_locale":"es_ES","og_type":"article","og_title":"Conocenos - Atlantic Express","og_description":"[vc_row full_width=&#8221;stretch_row&#8221; content_placement=&#8221;middle&#8221; css=&#8221;.vc_custom_1534911495594{border-bottom-width: 1px !important;border-bottom-color: #f4f4f4 !important;border-bottom-style: solid !important;}&#8221;][vc_column width=&#8221;1\/2&#8243;][apress_heading sub_title=&#8221;Atlantic Express es una empresa de transporte internacional y operador log\u00edstico, que nace como una soluci\u00f3n segura y confiable para solventar las necesidades de log\u00edstica en el \u00e1mbito internacional.&#8221;&hellip;","og_url":"https:\/\/atlanticexpresscr.com\/es\/conocenos\/","og_site_name":"Atlantic Express","article_modified_time":"2024-08-22T20:22:22+00:00","twitter_card":"summary_large_image","twitter_misc":{"Est. reading time":"6 minutos"},"schema":{"@context":"https:\/\/schema.org","@graph":[{"@type":"WebPage","@id":"https:\/\/atlanticexpresscr.com\/es\/conocenos\/","url":"https:\/\/atlanticexpresscr.com\/es\/conocenos\/","name":"Conocenos - Atlantic Express","isPartOf":{"@id":"https:\/\/atlanticexpresscr.com\/es\/#website"},"datePublished":"2018-08-22T04:10:08+00:00","dateModified":"2024-08-22T20:22:22+00:00","breadcrumb":{"@id":"https:\/\/atlanticexpresscr.com\/es\/conocenos\/#breadcrumb"},"inLanguage":"es-CR","potentialAction":[{"@type":"ReadAction","target":["https:\/\/atlanticexpresscr.com\/es\/conocenos\/"]}]},{"@type":"BreadcrumbList","@id":"https:\/\/atlanticexpresscr.com\/es\/conocenos\/#breadcrumb","itemListElement":[{"@type":"ListItem","position":1,"name":"Portada","item":"https:\/\/atlanticexpresscr.com\/es\/"},{"@type":"ListItem","position":2,"name":"Conocenos"}]},{"@type":"WebSite","@id":"https:\/\/atlanticexpresscr.com\/es\/#website","url":"https:\/\/atlanticexpresscr.com\/es\/","name":"Atlantic Express","description":"Transporte internacional y operador log\u00edstico","publisher":{"@id":"https:\/\/atlanticexpresscr.com\/es\/#organization"},"potentialAction":[{"@type":"SearchAction","target":{"@type":"EntryPoint","urlTemplate":"https:\/\/atlanticexpresscr.com\/es\/?s={search_term_string}"},"query-input":{"@type":"PropertyValueSpecification","valueRequired":true,"valueName":"search_term_string"}}],"inLanguage":"es-CR"},{"@type":"Organization","@id":"https:\/\/atlanticexpresscr.com\/es\/#organization","name":"Atlantic Express Costa Rica","url":"https:\/\/atlanticexpresscr.com\/es\/","logo":{"@type":"ImageObject","inLanguage":"es-CR","@id":"https:\/\/atlanticexpresscr.com\/es\/#\/schema\/logo\/image\/","url":"https:\/\/atlanticexpresscr.com\/es\/wp-content\/uploads\/2021\/02\/logo-full-resolucion-prueba.png","contentUrl":"https:\/\/atlanticexpresscr.com\/es\/wp-content\/uploads\/2021\/02\/logo-full-resolucion-prueba.png","width":2736,"height":617,"caption":"Atlantic Express Costa Rica"},"image":{"@id":"https:\/\/atlanticexpresscr.com\/es\/#\/schema\/logo\/image\/"}}]}},"_links":{"self":[{"href":"https:\/\/atlanticexpresscr.com\/es\/wp-json\/wp\/v2\/pages\/472","targetHints":{"allow":["GET"]}}],"collection":[{"href":"https:\/\/atlanticexpresscr.com\/es\/wp-json\/wp\/v2\/pages"}],"about":[{"href":"https:\/\/atlanticexpresscr.com\/es\/wp-json\/wp\/v2\/types\/page"}],"author":[{"embeddable":true,"href":"https:\/\/atlanticexpresscr.com\/es\/wp-json\/wp\/v2\/users\/1"}],"replies":[{"embeddable":true,"href":"https:\/\/atlanticexpresscr.com\/es\/wp-json\/wp\/v2\/comments?post=472"}],"version-history":[{"count":13,"href":"https:\/\/atlanticexpresscr.com\/es\/wp-json\/wp\/v2\/pages\/472\/revisions"}],"predecessor-version":[{"id":1223,"href":"https:\/\/atlanticexpresscr.com\/es\/wp-json\/wp\/v2\/pages\/472\/revisions\/1223"}],"wp:attachment":[{"href":"https:\/\/atlanticexpresscr.com\/es\/wp-json\/wp\/v2\/media?parent=472"}],"curies":[{"name":"wp","href":"https:\/\/api.w.org\/{rel}","templated":true}]}}