{"id":700,"date":"2021-02-02T18:06:00","date_gmt":"2021-02-02T18:06:00","guid":{"rendered":"https:\/\/atlanticexpresscr.com\/es\/?page_id=700"},"modified":"2021-02-10T18:55:49","modified_gmt":"2021-02-10T18:55:49","slug":"transporte-aereo","status":"publish","type":"page","link":"https:\/\/atlanticexpresscr.com\/es\/servicios\/transporte-aereo\/","title":{"rendered":"Transporte a\u00e9reo"},"content":{"rendered":"<p>[vc_row bg_type=&#8221;image&#8221; parallax_style=&#8221;vcpb-default&#8221; bg_image_new=&#8221;id^747|url^https:\/\/atlanticexpresscr.com\/es\/wp-content\/uploads\/2021\/02\/aereo1900-x-1268.jpg|caption^null|alt^null|title^aereo1900 x 1268|description^null&#8221; bg_image_repeat=&#8221;no-repeat&#8221; bg_override=&#8221;full&#8221; parallax_content=&#8221;parallax_content_value&#8221; enable_overlay=&#8221;enable_overlay_value&#8221; overlay_color=&#8221;#727272&#8243; css=&#8221;.vc_custom_1612549991801{padding-top: 200px !important;}&#8221;][vc_column][vc_row_inner][vc_column_inner width=&#8221;1\/6&#8243;][\/vc_column_inner][vc_column_inner width=&#8221;2\/3&#8243;][vc_custom_heading text=&#8221;TRANSPORTE A\u00c9REO&#8221; font_container=&#8221;tag:h2|font_size:40|text_align:center|color:%23ffffff&#8221; google_fonts=&#8221;font_family:Open%20Sans%3A300%2C300italic%2Cregular%2Citalic%2C600%2C600italic%2C700%2C700italic%2C800%2C800italic|font_style:800%20bold%20regular%3A800%3Anormal&#8221;][\/vc_column_inner][vc_column_inner width=&#8221;1\/6&#8243;][\/vc_column_inner][\/vc_row_inner][vc_row_inner css=&#8221;.vc_custom_1612287828668{padding-top: 10px !important;padding-bottom: 55px !important;}&#8221;][vc_column_inner width=&#8221;1\/3&#8243; css=&#8221;.vc_custom_1612287748435{padding-top: 5px !important;}&#8221;]<div class=\"ult-content-box-container cuadro-color-servicio\" >\t\t<div class=\"ult-content-box\" style=\"box-shadow: 0px 0px 7px 5px rgba(0,0,0,0.04) ;padding-top:65px;padding-right:35px;padding-bottom:65px;padding-left:35px;-webkit-transition: all 700ms ease;-moz-transition: all 700ms ease;-ms-transition: all 700ms ease;-o-transition: all 700ms ease;transition: all 700ms ease;\"  data-hover_box_shadow=\"none\"   data-responsive_margins=\"margin:0px;\"   ><div id=\"ultimate-heading-453869dfee528f47f\" class=\"uvc-heading ult-adjust-bottom-margin ultimate-heading-453869dfee528f47f uvc-9322 \" data-hspacer=\"no_spacer\"  data-halign=\"left\" style=\"text-align:left\"><div class=\"uvc-heading-spacer no_spacer\" style=\"top\"><\/div><div class=\"uvc-main-heading ult-responsive\"  data-ultimate-target='.uvc-heading.ultimate-heading-453869dfee528f47f h2'  data-responsive-json-new='{\"font-size\":\"desktop:20px;\",\"line-height\":\"desktop:30px;\"}' ><h2 style=\"font-weight:normal;color:#ffffff;margin-bottom:15px;\">GARANTIA Y SEGURIDAD<\/h2><\/div><div class=\"uvc-sub-heading ult-responsive\"  data-ultimate-target='.uvc-heading.ultimate-heading-453869dfee528f47f .uvc-sub-heading '  data-responsive-json-new='{\"font-size\":\"\",\"line-height\":\"\"}'  style=\"font-weight:normal;color:#ffffff;\"><b>Atlantic Express<\/b><span style=\"font-weight: 400;\">,<\/span><span style=\"font-weight: 400;\"> cuenta con las garant\u00edas y la seguridad necesarias para cubrir cualquier transporte a\u00e9reo con cobertura mundial.<\/span><span style=\"font-weight: 400;\">\u00a0<\/span><span style=\"font-weight: 400;\">Nuestro empresa se convertir\u00e1 un su \u00fanico contacto hasta que la mercanc\u00eda llegue a su destino<\/span><\/div><\/div>\t\t<\/div><\/div>[\/vc_column_inner][vc_column_inner width=&#8221;1\/3&#8243; css=&#8221;.vc_custom_1612983316746{padding-top: 5px !important;padding-bottom: 35px !important;}&#8221;]<div class=\"ult-content-box-container box-servicio-borde\" >\t\t<div class=\"ult-content-box\" style=\"box-shadow: 0px 0px 7px 5px rgba(0,0,0,0.04) ;padding-top:65px;padding-right:35px;padding-bottom:65px;padding-left:35px;-webkit-transition: all 700ms ease;-moz-transition: all 700ms ease;-ms-transition: all 700ms ease;-o-transition: all 700ms ease;transition: all 700ms ease;\"  data-hover_box_shadow=\"none\"    ><div id=\"ultimate-heading-293669dfee528f4de\" class=\"uvc-heading ult-adjust-bottom-margin ultimate-heading-293669dfee528f4de uvc-9992 \" data-hspacer=\"no_spacer\"  data-halign=\"left\" style=\"text-align:left\"><div class=\"uvc-heading-spacer no_spacer\" style=\"top\"><\/div><div class=\"uvc-main-heading ult-responsive\"  data-ultimate-target='.uvc-heading.ultimate-heading-293669dfee528f4de h2'  data-responsive-json-new='{\"font-size\":\"desktop:17px;\",\"line-height\":\"desktop:28px;\"}' ><h2 style=\"font-weight:normal;margin-bottom:15px;\">INTEGRIDAD Y CONFIANZA<\/h2><\/div><div class=\"uvc-sub-heading ult-responsive\"  data-ultimate-target='.uvc-heading.ultimate-heading-293669dfee528f4de .uvc-sub-heading '  data-responsive-json-new='{\"font-size\":\"\",\"line-height\":\"\"}'  style=\"font-weight:normal;\"><span style=\"font-weight: 400;\">Le aconsejamos, buscando soluciones t\u00e9cnicas y operativas al precio m\u00e1s competitivo de acuerdo a sus necesidades y solicitud de servicio, gestionamos y resolvemos cualquier incidencia durante el transporte para asegurarle que su env\u00edo llegue a su cliente.<\/span><\/div><\/div>\t\t<\/div><\/div>[\/vc_column_inner][vc_column_inner width=&#8221;1\/3&#8243; css=&#8221;.vc_custom_1612983334629{padding-top: 5px !important;padding-bottom: 35px !important;}&#8221;]<div class=\"ult-content-box-container box-servicio-borde\" >\t\t<div class=\"ult-content-box\" style=\"box-shadow: 0px 0px 7px 5px rgba(0,0,0,0.04) ;padding-top:65px;padding-right:35px;padding-bottom:65px;padding-left:35px;-webkit-transition: all 700ms ease;-moz-transition: all 700ms ease;-ms-transition: all 700ms ease;-o-transition: all 700ms ease;transition: all 700ms ease;\"  data-hover_box_shadow=\"none\"    ><div id=\"ultimate-heading-887069dfee528f52b\" class=\"uvc-heading ult-adjust-bottom-margin ultimate-heading-887069dfee528f52b uvc-4405 \" data-hspacer=\"no_spacer\"  data-halign=\"left\" style=\"text-align:left\"><div class=\"uvc-heading-spacer no_spacer\" style=\"top\"><\/div><div class=\"uvc-main-heading ult-responsive\"  data-ultimate-target='.uvc-heading.ultimate-heading-887069dfee528f52b h2'  data-responsive-json-new='{\"font-size\":\"desktop:20px;\",\"line-height\":\"desktop:30px;\"}' ><h2 style=\"font-weight:normal;margin-bottom:15px;\">COMERCIO EXTERIOR<\/h2><\/div><div class=\"uvc-sub-heading ult-responsive\"  data-ultimate-target='.uvc-heading.ultimate-heading-887069dfee528f52b .uvc-sub-heading '  data-responsive-json-new='{\"font-size\":\"\",\"line-height\":\"\"}'  style=\"font-weight:normal;\"><span style=\"font-weight: 400;\">Le asesoramos en cualquier tema sobre comercio exterior que sus env\u00edos requieran, le ayudamos a preparar la documentaci\u00f3n necesaria (B\/L, Cartas de Cr\u00e9dito, Facturas, permisos, etc) para que su exportaci\u00f3n o importaci\u00f3n mar\u00edtima sean todo un \u00e9xito.<\/span><\/div><\/div>\t\t<\/div><\/div>[\/vc_column_inner][\/vc_row_inner][\/vc_column][\/vc_row][vc_row full_width=&#8221;stretch_row&#8221; css=&#8221;.vc_custom_1612288581594{padding-top: 100px !important;padding-bottom: 50px !important;}&#8221;][vc_column][vc_row_inner][vc_column_inner width=&#8221;1\/2&#8243;][apress_heading sub_title=&#8221;NUESTRA ESPECIALIDAD&#8221; content_alignment=&#8221;left&#8221; enable_delimiter=&#8221;&#8221; style=&#8221;heading_style2&#8243; title_font_options=&#8221;tag:h2|letter_spacing:1|font_style_bold:1&#8243; subtitle_font_options=&#8221;tag:div&#8221; title_responsive=&#8221;font_size_tablet:35|line_height_tablet:45|letter_spacing_tablet:1|font_size_mobile:25|line_height_mobile:35|letter_spacing_mobile:1&#8243;]<span style=\"font-weight: 400;\">Somos una empresa de transporte internacional<\/span><span style=\"font-weight: 400;\"> y operador log\u00edstico. Somos una <em>soluci\u00f3n segura y confiable<\/em> para solventar las necesidades de log\u00edstica en el \u00e1mbito internacional.<\/span>[\/apress_heading][\/vc_column_inner][vc_column_inner width=&#8221;1\/2&#8243;]<div class=\"ult-spacer spacer-69dfee528f547\" data-id=\"69dfee528f547\" data-height=\"20\" data-height-mobile=\"20\" data-height-tab=\"20\" data-height-tab-portrait=\"\" data-height-mobile-landscape=\"\" style=\"clear:both;display:block;\"><\/div>[vc_column_text]<b>Atlantic<\/b><span style=\"font-weight: 400;\"> dispone de un departamento de <\/span><b>seguros<\/b><span style=\"font-weight: 400;\"> que le ofrecer\u00e1 la cobertura m\u00e1s adecuada para la protecci\u00f3n durante el transporte de sus mercanc\u00edas, que le permitir\u00e1 asegurar y proteger sus embarques frente a p\u00e9rdida o da\u00f1o\u00a0 con la cobertura m\u00e1s amplia que se puede disponer.<\/span>[\/vc_column_text][\/vc_column_inner][\/vc_row_inner]<div class=\"ult-spacer spacer-69dfee528f555\" data-id=\"69dfee528f555\" data-height=\"100\" data-height-mobile=\"50\" data-height-tab=\"50\" data-height-tab-portrait=\"50\" data-height-mobile-landscape=\"50\" style=\"clear:both;display:block;\"><\/div><div class=\"ult-spacer spacer-69dfee528f560\" data-id=\"69dfee528f560\" data-height=\"50\" data-height-mobile=\"20\" data-height-tab=\"25\" data-height-tab-portrait=\"25\" data-height-mobile-landscape=\"20\" style=\"clear:both;display:block;\"><\/div>[vc_row_inner][vc_column_inner width=&#8221;1\/3&#8243;][apress_gradient_icon_box icon_alignment=&#8221;left&#8221; description=&#8221;Ofrecemos una cobertura adecuada durante el transporte&#8221; data_animation=&#8221;fadeInUp&#8221; data_delay=&#8221;300&#8243; icon_family=&#8221;fontawesome&#8221; icon_fontawesome=&#8221;fas fa-clipboard-check&#8221; style=&#8221;iconbox_style2&#8243; title_font_options=&#8221;tag:h3&#8243;]SEGURO[\/apress_gradient_icon_box][\/vc_column_inner][vc_column_inner width=&#8221;1\/3&#8243;][apress_gradient_icon_box icon_alignment=&#8221;left&#8221; description=&#8221;Estamos a su disposici\u00f3n para ampliarles esta informaci\u00f3n y responder cualquier duda o consulta.&#8221; data_animation=&#8221;fadeInUp&#8221; data_delay=&#8221;600&#8243; icon_family=&#8221;fontawesome&#8221; icon_fontawesome=&#8221;fas fa-id-card-alt&#8221; style=&#8221;iconbox_style2&#8243; title_font_options=&#8221;tag:h3&#8243;]SERVICIO AL CLEINTE[\/apress_gradient_icon_box][\/vc_column_inner][vc_column_inner width=&#8221;1\/3&#8243;][apress_gradient_icon_box icon_alignment=&#8221;left&#8221; description=&#8221;Respetamos y cumplimos nuestros acuerdos.&#8221; data_animation=&#8221;fadeInUp&#8221; data_delay=&#8221;900&#8243; icon_family=&#8221;fontawesome&#8221; icon_fontawesome=&#8221;fas fa-user-shield&#8221; style=&#8221;iconbox_style2&#8243; title_font_options=&#8221;tag:h3&#8243;]COMPROMISO[\/apress_gradient_icon_box][\/vc_column_inner][\/vc_row_inner][\/vc_column][\/vc_row]<\/p>\n","protected":false},"excerpt":{"rendered":"<p>[vc_row bg_type=&#8221;image&#8221; parallax_style=&#8221;vcpb-default&#8221; bg_image_new=&#8221;id^747|url^https:\/\/atlanticexpresscr.com\/es\/wp-content\/uploads\/2021\/02\/aereo1900-x-1268.jpg|caption^null|alt^null|title^aereo1900 x 1268|description^null&#8221; bg_image_repeat=&#8221;no-repeat&#8221; bg_override=&#8221;full&#8221; parallax_content=&#8221;parallax_content_value&#8221; enable_overlay=&#8221;enable_overlay_value&#8221; overlay_color=&#8221;#727272&#8243; css=&#8221;.vc_custom_1612549991801{padding-top: 200px !important;}&#8221;][vc_column][vc_row_inner][vc_column_inner width=&#8221;1\/6&#8243;][\/vc_column_inner][vc_column_inner width=&#8221;2\/3&#8243;][vc_custom_heading text=&#8221;TRANSPORTE A\u00c9REO&#8221; font_container=&#8221;tag:h2|font_size:40|text_align:center|color:%23ffffff&#8221; google_fonts=&#8221;font_family:Open%20Sans%3A300%2C300italic%2Cregular%2Citalic%2C600%2C600italic%2C700%2C700italic%2C800%2C800italic|font_style:800%20bold%20regular%3A800%3Anormal&#8221;][\/vc_column_inner][vc_column_inner width=&#8221;1\/6&#8243;][\/vc_column_inner][\/vc_row_inner][vc_row_inner css=&#8221;.vc_custom_1612287828668{padding-top: 10px !important;padding-bottom: 55px !important;}&#8221;][vc_column_inner width=&#8221;1\/3&#8243; css=&#8221;.vc_custom_1612287748435{padding-top: 5px !important;}&#8221;][\/vc_column_inner][vc_column_inner width=&#8221;1\/3&#8243; css=&#8221;.vc_custom_1612983316746{padding-top: 5px !important;padding-bottom: 35px !important;}&#8221;][\/vc_column_inner][vc_column_inner width=&#8221;1\/3&#8243; css=&#8221;.vc_custom_1612983334629{padding-top: 5px !important;padding-bottom:&hellip;<\/p>\n","protected":false},"author":1,"featured_media":0,"parent":474,"menu_order":2,"comment_status":"closed","ping_status":"closed","template":"","meta":{"footnotes":""},"class_list":["post-700","page","type-page","status-publish","hentry"],"yoast_head":"<!-- This site is optimized with the Yoast SEO plugin v23.9 - https:\/\/yoast.com\/wordpress\/plugins\/seo\/ -->\n<title>Transporte a\u00e9reo - Atlantic Express<\/title>\n<meta name=\"robots\" content=\"index, follow, max-snippet:-1, max-image-preview:large, max-video-preview:-1\" \/>\n<link rel=\"canonical\" href=\"https:\/\/atlanticexpresscr.com\/es\/servicios\/transporte-aereo\/\" \/>\n<meta property=\"og:locale\" content=\"es_ES\" \/>\n<meta property=\"og:type\" content=\"article\" \/>\n<meta property=\"og:title\" content=\"Transporte a\u00e9reo - Atlantic Express\" \/>\n<meta property=\"og:description\" content=\"[vc_row bg_type=&#8221;image&#8221; parallax_style=&#8221;vcpb-default&#8221; bg_image_new=&#8221;id^747|url^https:\/\/atlanticexpresscr.com\/es\/wp-content\/uploads\/2021\/02\/aereo1900-x-1268.jpg|caption^null|alt^null|title^aereo1900 x 1268|description^null&#8221; bg_image_repeat=&#8221;no-repeat&#8221; bg_override=&#8221;full&#8221; parallax_content=&#8221;parallax_content_value&#8221; enable_overlay=&#8221;enable_overlay_value&#8221; overlay_color=&#8221;#727272&#8243; css=&#8221;.vc_custom_1612549991801{padding-top: 200px !important;}&#8221;][vc_column][vc_row_inner][vc_column_inner width=&#8221;1\/6&#8243;][\/vc_column_inner][vc_column_inner width=&#8221;2\/3&#8243;][vc_custom_heading text=&#8221;TRANSPORTE A\u00c9REO&#8221; font_container=&#8221;tag:h2|font_size:40|text_align:center|color:%23ffffff&#8221; google_fonts=&#8221;font_family:Open%20Sans%3A300%2C300italic%2Cregular%2Citalic%2C600%2C600italic%2C700%2C700italic%2C800%2C800italic|font_style:800%20bold%20regular%3A800%3Anormal&#8221;][\/vc_column_inner][vc_column_inner width=&#8221;1\/6&#8243;][\/vc_column_inner][\/vc_row_inner][vc_row_inner css=&#8221;.vc_custom_1612287828668{padding-top: 10px !important;padding-bottom: 55px !important;}&#8221;][vc_column_inner width=&#8221;1\/3&#8243; css=&#8221;.vc_custom_1612287748435{padding-top: 5px !important;}&#8221;][\/vc_column_inner][vc_column_inner width=&#8221;1\/3&#8243; css=&#8221;.vc_custom_1612983316746{padding-top: 5px !important;padding-bottom: 35px !important;}&#8221;][\/vc_column_inner][vc_column_inner width=&#8221;1\/3&#8243; css=&#8221;.vc_custom_1612983334629{padding-top: 5px !important;padding-bottom:&hellip;\" \/>\n<meta property=\"og:url\" content=\"https:\/\/atlanticexpresscr.com\/es\/servicios\/transporte-aereo\/\" \/>\n<meta property=\"og:site_name\" content=\"Atlantic Express\" \/>\n<meta property=\"article:modified_time\" content=\"2021-02-10T18:55:49+00:00\" \/>\n<meta name=\"twitter:card\" content=\"summary_large_image\" \/>\n<meta name=\"twitter:label1\" content=\"Est. reading time\" \/>\n\t<meta name=\"twitter:data1\" content=\"5 minutos\" \/>\n<script type=\"application\/ld+json\" class=\"yoast-schema-graph\">{\"@context\":\"https:\/\/schema.org\",\"@graph\":[{\"@type\":\"WebPage\",\"@id\":\"https:\/\/atlanticexpresscr.com\/es\/servicios\/transporte-aereo\/\",\"url\":\"https:\/\/atlanticexpresscr.com\/es\/servicios\/transporte-aereo\/\",\"name\":\"Transporte a\u00e9reo - Atlantic Express\",\"isPartOf\":{\"@id\":\"https:\/\/atlanticexpresscr.com\/es\/#website\"},\"datePublished\":\"2021-02-02T18:06:00+00:00\",\"dateModified\":\"2021-02-10T18:55:49+00:00\",\"breadcrumb\":{\"@id\":\"https:\/\/atlanticexpresscr.com\/es\/servicios\/transporte-aereo\/#breadcrumb\"},\"inLanguage\":\"es-CR\",\"potentialAction\":[{\"@type\":\"ReadAction\",\"target\":[\"https:\/\/atlanticexpresscr.com\/es\/servicios\/transporte-aereo\/\"]}]},{\"@type\":\"BreadcrumbList\",\"@id\":\"https:\/\/atlanticexpresscr.com\/es\/servicios\/transporte-aereo\/#breadcrumb\",\"itemListElement\":[{\"@type\":\"ListItem\",\"position\":1,\"name\":\"Portada\",\"item\":\"https:\/\/atlanticexpresscr.com\/es\/\"},{\"@type\":\"ListItem\",\"position\":2,\"name\":\"Servicios\",\"item\":\"https:\/\/atlanticexpresscr.com\/es\/servicios\/\"},{\"@type\":\"ListItem\",\"position\":3,\"name\":\"Transporte a\u00e9reo\"}]},{\"@type\":\"WebSite\",\"@id\":\"https:\/\/atlanticexpresscr.com\/es\/#website\",\"url\":\"https:\/\/atlanticexpresscr.com\/es\/\",\"name\":\"Atlantic Express\",\"description\":\"Transporte internacional y operador log\u00edstico\",\"publisher\":{\"@id\":\"https:\/\/atlanticexpresscr.com\/es\/#organization\"},\"potentialAction\":[{\"@type\":\"SearchAction\",\"target\":{\"@type\":\"EntryPoint\",\"urlTemplate\":\"https:\/\/atlanticexpresscr.com\/es\/?s={search_term_string}\"},\"query-input\":{\"@type\":\"PropertyValueSpecification\",\"valueRequired\":true,\"valueName\":\"search_term_string\"}}],\"inLanguage\":\"es-CR\"},{\"@type\":\"Organization\",\"@id\":\"https:\/\/atlanticexpresscr.com\/es\/#organization\",\"name\":\"Atlantic Express Costa Rica\",\"url\":\"https:\/\/atlanticexpresscr.com\/es\/\",\"logo\":{\"@type\":\"ImageObject\",\"inLanguage\":\"es-CR\",\"@id\":\"https:\/\/atlanticexpresscr.com\/es\/#\/schema\/logo\/image\/\",\"url\":\"https:\/\/atlanticexpresscr.com\/es\/wp-content\/uploads\/2021\/02\/logo-full-resolucion-prueba.png\",\"contentUrl\":\"https:\/\/atlanticexpresscr.com\/es\/wp-content\/uploads\/2021\/02\/logo-full-resolucion-prueba.png\",\"width\":2736,\"height\":617,\"caption\":\"Atlantic Express Costa Rica\"},\"image\":{\"@id\":\"https:\/\/atlanticexpresscr.com\/es\/#\/schema\/logo\/image\/\"}}]}<\/script>\n<!-- \/ Yoast SEO plugin. -->","yoast_head_json":{"title":"Transporte a\u00e9reo - Atlantic Express","robots":{"index":"index","follow":"follow","max-snippet":"max-snippet:-1","max-image-preview":"max-image-preview:large","max-video-preview":"max-video-preview:-1"},"canonical":"https:\/\/atlanticexpresscr.com\/es\/servicios\/transporte-aereo\/","og_locale":"es_ES","og_type":"article","og_title":"Transporte a\u00e9reo - Atlantic Express","og_description":"[vc_row bg_type=&#8221;image&#8221; parallax_style=&#8221;vcpb-default&#8221; bg_image_new=&#8221;id^747|url^https:\/\/atlanticexpresscr.com\/es\/wp-content\/uploads\/2021\/02\/aereo1900-x-1268.jpg|caption^null|alt^null|title^aereo1900 x 1268|description^null&#8221; bg_image_repeat=&#8221;no-repeat&#8221; bg_override=&#8221;full&#8221; parallax_content=&#8221;parallax_content_value&#8221; enable_overlay=&#8221;enable_overlay_value&#8221; overlay_color=&#8221;#727272&#8243; css=&#8221;.vc_custom_1612549991801{padding-top: 200px !important;}&#8221;][vc_column][vc_row_inner][vc_column_inner width=&#8221;1\/6&#8243;][\/vc_column_inner][vc_column_inner width=&#8221;2\/3&#8243;][vc_custom_heading text=&#8221;TRANSPORTE A\u00c9REO&#8221; font_container=&#8221;tag:h2|font_size:40|text_align:center|color:%23ffffff&#8221; google_fonts=&#8221;font_family:Open%20Sans%3A300%2C300italic%2Cregular%2Citalic%2C600%2C600italic%2C700%2C700italic%2C800%2C800italic|font_style:800%20bold%20regular%3A800%3Anormal&#8221;][\/vc_column_inner][vc_column_inner width=&#8221;1\/6&#8243;][\/vc_column_inner][\/vc_row_inner][vc_row_inner css=&#8221;.vc_custom_1612287828668{padding-top: 10px !important;padding-bottom: 55px !important;}&#8221;][vc_column_inner width=&#8221;1\/3&#8243; css=&#8221;.vc_custom_1612287748435{padding-top: 5px !important;}&#8221;][\/vc_column_inner][vc_column_inner width=&#8221;1\/3&#8243; css=&#8221;.vc_custom_1612983316746{padding-top: 5px !important;padding-bottom: 35px !important;}&#8221;][\/vc_column_inner][vc_column_inner width=&#8221;1\/3&#8243; css=&#8221;.vc_custom_1612983334629{padding-top: 5px !important;padding-bottom:&hellip;","og_url":"https:\/\/atlanticexpresscr.com\/es\/servicios\/transporte-aereo\/","og_site_name":"Atlantic Express","article_modified_time":"2021-02-10T18:55:49+00:00","twitter_card":"summary_large_image","twitter_misc":{"Est. reading time":"5 minutos"},"schema":{"@context":"https:\/\/schema.org","@graph":[{"@type":"WebPage","@id":"https:\/\/atlanticexpresscr.com\/es\/servicios\/transporte-aereo\/","url":"https:\/\/atlanticexpresscr.com\/es\/servicios\/transporte-aereo\/","name":"Transporte a\u00e9reo - Atlantic Express","isPartOf":{"@id":"https:\/\/atlanticexpresscr.com\/es\/#website"},"datePublished":"2021-02-02T18:06:00+00:00","dateModified":"2021-02-10T18:55:49+00:00","breadcrumb":{"@id":"https:\/\/atlanticexpresscr.com\/es\/servicios\/transporte-aereo\/#breadcrumb"},"inLanguage":"es-CR","potentialAction":[{"@type":"ReadAction","target":["https:\/\/atlanticexpresscr.com\/es\/servicios\/transporte-aereo\/"]}]},{"@type":"BreadcrumbList","@id":"https:\/\/atlanticexpresscr.com\/es\/servicios\/transporte-aereo\/#breadcrumb","itemListElement":[{"@type":"ListItem","position":1,"name":"Portada","item":"https:\/\/atlanticexpresscr.com\/es\/"},{"@type":"ListItem","position":2,"name":"Servicios","item":"https:\/\/atlanticexpresscr.com\/es\/servicios\/"},{"@type":"ListItem","position":3,"name":"Transporte a\u00e9reo"}]},{"@type":"WebSite","@id":"https:\/\/atlanticexpresscr.com\/es\/#website","url":"https:\/\/atlanticexpresscr.com\/es\/","name":"Atlantic Express","description":"Transporte internacional y operador log\u00edstico","publisher":{"@id":"https:\/\/atlanticexpresscr.com\/es\/#organization"},"potentialAction":[{"@type":"SearchAction","target":{"@type":"EntryPoint","urlTemplate":"https:\/\/atlanticexpresscr.com\/es\/?s={search_term_string}"},"query-input":{"@type":"PropertyValueSpecification","valueRequired":true,"valueName":"search_term_string"}}],"inLanguage":"es-CR"},{"@type":"Organization","@id":"https:\/\/atlanticexpresscr.com\/es\/#organization","name":"Atlantic Express Costa Rica","url":"https:\/\/atlanticexpresscr.com\/es\/","logo":{"@type":"ImageObject","inLanguage":"es-CR","@id":"https:\/\/atlanticexpresscr.com\/es\/#\/schema\/logo\/image\/","url":"https:\/\/atlanticexpresscr.com\/es\/wp-content\/uploads\/2021\/02\/logo-full-resolucion-prueba.png","contentUrl":"https:\/\/atlanticexpresscr.com\/es\/wp-content\/uploads\/2021\/02\/logo-full-resolucion-prueba.png","width":2736,"height":617,"caption":"Atlantic Express Costa Rica"},"image":{"@id":"https:\/\/atlanticexpresscr.com\/es\/#\/schema\/logo\/image\/"}}]}},"_links":{"self":[{"href":"https:\/\/atlanticexpresscr.com\/es\/wp-json\/wp\/v2\/pages\/700","targetHints":{"allow":["GET"]}}],"collection":[{"href":"https:\/\/atlanticexpresscr.com\/es\/wp-json\/wp\/v2\/pages"}],"about":[{"href":"https:\/\/atlanticexpresscr.com\/es\/wp-json\/wp\/v2\/types\/page"}],"author":[{"embeddable":true,"href":"https:\/\/atlanticexpresscr.com\/es\/wp-json\/wp\/v2\/users\/1"}],"replies":[{"embeddable":true,"href":"https:\/\/atlanticexpresscr.com\/es\/wp-json\/wp\/v2\/comments?post=700"}],"version-history":[{"count":6,"href":"https:\/\/atlanticexpresscr.com\/es\/wp-json\/wp\/v2\/pages\/700\/revisions"}],"predecessor-version":[{"id":785,"href":"https:\/\/atlanticexpresscr.com\/es\/wp-json\/wp\/v2\/pages\/700\/revisions\/785"}],"up":[{"embeddable":true,"href":"https:\/\/atlanticexpresscr.com\/es\/wp-json\/wp\/v2\/pages\/474"}],"wp:attachment":[{"href":"https:\/\/atlanticexpresscr.com\/es\/wp-json\/wp\/v2\/media?parent=700"}],"curies":[{"name":"wp","href":"https:\/\/api.w.org\/{rel}","templated":true}]}}